{"id":295,"date":"2018-07-31T02:53:53","date_gmt":"2018-07-31T02:53:53","guid":{"rendered":"https:\/\/xml.daffyhazan.com\/kitring\/?page_id=747"},"modified":"2023-09-05T17:18:32","modified_gmt":"2023-09-05T14:18:32","slug":"contact","status":"publish","type":"page","link":"https:\/\/www.simalunsal.com\/en\/contact\/","title":{"rendered":"Contact"},"content":{"rendered":"<p>[vc_section section_padding=&#8221;&#8221; section_custom_media_type=&#8221;none&#8221; section_bottom_shape_divider=&#8221;&#8221; dahz_id=&#8221;1528129066148-778554fe-3377&#8243; section_color_overlay=&#8221;rgba(255,255,255,0.6)&#8221;][vc_row row_margin=&#8221;uk-margin-remove&#8221; row_display_divider_between=&#8221;true&#8221; row_divider_color=&#8221;rgba(163,163,163,0.4)&#8221; dahz_id=&#8221;1528129068491-f88a72a8-e526&#8243;][vc_column width=&#8221;1\/3&#8243; dahz_id=&#8221;1693923147233-e372c414-c63b&#8221;]<div class=\"uk-position-relative de-shortcode__wrapper de-shortcode__wrapper--icon_box uk-margin\" data-dahz-shortcode-key=\"1528378204381-03d049d5-1dac\" style=\"\">\r\n\t\r\n<div class=\"de-sc-iconbox uk-text-center\">\r\n\t\r\n\t\t\t<span class=\"uk-margin-small de-sc-iconbox--icon uk-width-auto\" style=\"display:inline-block;line-height:1; font-size:60px; color:#000000;\"><i style=\"line-height:1;\" class=\"beauty-salon-woman-lips\"><\/i><\/span>\r\n\t\t\t<div>\r\n\t\t\t\t<h3 style=\"color:#000000;\">Address<\/h3>\r\n\t\t\t\t<p style=\"color:#000000;\">Baris Mahallesi, Belediye Caddesi, Ginza Lavinya Park, A Blok No:30, Kat 7 Daire 54  Beylikd\u00fcz\u00fc \u0130stanbul<\/p>\r\n\t\t\t\t\r\n\t\t\t<\/div>\r\n\t\t\t<\/div>\r\n<\/div>\r\n[\/vc_column][vc_column width=&#8221;1\/3&#8243; dahz_id=&#8221;1693923147252-b680de79-a7cf&#8221;]<div class=\"uk-position-relative de-shortcode__wrapper de-shortcode__wrapper--icon_box uk-margin\" data-dahz-shortcode-key=\"1605777475553-6844d79f-12e8\" style=\"\">\r\n\t\r\n<div class=\"de-sc-iconbox uk-text-center\">\r\n\t\r\n\t\t\t<span class=\"uk-margin-small de-sc-iconbox--icon uk-width-auto\" style=\"display:inline-block;line-height:1; font-size:60px; color:#000000;\"><i style=\"line-height:1;\" class=\"beauty-salon-woman-eye\"><\/i><\/span>\r\n\t\t\t<div>\r\n\t\t\t\t<h3 style=\"color:#000000;\">Phone<\/h3>\r\n\t\t\t\t<p style=\"color:#000000;\">+90 553 644 20 17<\/p>\r\n\t\t\t\t\r\n\t\t\t<\/div>\r\n\t\t\t<\/div>\r\n<\/div>\r\n[\/vc_column][vc_column width=&#8221;1\/3&#8243; dahz_id=&#8221;1693923147283-75026386-e197&#8243;]<div class=\"uk-position-relative de-shortcode__wrapper de-shortcode__wrapper--icon_box uk-margin\" data-dahz-shortcode-key=\"1605777480194-8aff3f00-35c4\" style=\"\">\r\n\t\r\n<div class=\"de-sc-iconbox uk-text-center\">\r\n\t\r\n\t\t\t<span class=\"uk-margin-small de-sc-iconbox--icon uk-width-auto\" style=\"display:inline-block;line-height:1; font-size:60px; color:#000000;\"><i style=\"line-height:1;\" class=\"beauty-salon-woman-face\"><\/i><\/span>\r\n\t\t\t<div>\r\n\t\t\t\t<h3 style=\"color:#000000;\">E-Mail<\/h3>\r\n\t\t\t\t<p style=\"color:#000000;\">info@simalunsal.com<\/p>\r\n\t\t\t\t\r\n\t\t\t<\/div>\r\n\t\t\t<\/div>\r\n<\/div>\r\n[\/vc_column][\/vc_row][\/vc_section][vc_section section_custom_media_type=&#8221;image&#8221; section_background_image_repeat=&#8221;uk-background-norepeat&#8221; section_background_image_position=&#8221;uk-background-top-right&#8221; section_background_image_effect=&#8221;uk-background-fixed&#8221; section_bottom_shape_divider=&#8221;&#8221; dahz_id=&#8221;1528266172114-631f96f7-2e21&#8243; css=&#8221;.vc_custom_1533632334414{padding-bottom: 12vh !important;}&#8221; section_background_image=&#8221;64&#8243;][vc_row row_custom_media_type=&#8221;none&#8221; dahz_id=&#8221;1528266174871-092f151f-2cc5&#8243; row_translate_y=&#8221;-5vh&#8221;][vc_column column_card_box_shadow=&#8221;large&#8221; column_padding=&#8221;default&#8221; column_enable_card_style=&#8221;true&#8221; column_translate_y=&#8221;3vh&#8221; column_z_index=&#8221;1&#8243; column_card_background_hover_color=&#8221;#ffffff&#8221; css=&#8221;.vc_custom_1533031920396{background-color: #ffffff !important;}&#8221; el_class=&#8221;mobile-offset&#8221; dahz_id=&#8221;1693923147342-95ba4e70-e129&#8243;][vc_row_inner dahz_id=&#8221;1528266188502-fa4547e8-ec2f&#8221;][vc_column_inner column_padding=&#8221;default&#8221; width=&#8221;1\/2&#8243; dahz_id=&#8221;1693923147378-96a7b5c8-8629&#8243;][vc_custom_heading text=&#8221;Write Us&#8221; font_container=&#8221;tag:h2|font_size:72px|text_align:left|color:%23000000|line_height:1&#8243; use_theme_fonts=&#8221;yes&#8221; custom_responsive_size=&#8221;yes&#8221; dahz_id=&#8221;1533021942065-3ca0daca-b0b3&#8243; custom_font_size=&#8221;%7B%22xs_font_size%22%3A%2256px%22%2C%22xs_line_height%22%3A%22%22%2C%22s_font_size%22%3A%22%22%2C%22s_line_height%22%3A%22%22%2C%22m_font_size%22%3A%22%22%2C%22m_line_height%22%3A%22%22%7D&#8221;]<div role=\"form\" class=\"wpcf7\" id=\"wpcf7-f438-o1\" lang=\"tr-TR\" dir=\"ltr\">\n<div class=\"screen-reader-response\"><p role=\"status\" aria-live=\"polite\" aria-atomic=\"true\"><\/p> <ul><\/ul><\/div>\n<form action=\"\/en\/wp-json\/wp\/v2\/pages\/295#wpcf7-f438-o1\" method=\"post\" class=\"wpcf7-form init mailchimp-ext-0.5.52\" novalidate=\"novalidate\" data-status=\"init\">\n<div style=\"display: none;\">\n<input type=\"hidden\" name=\"_wpcf7\" value=\"438\" \/>\n<input type=\"hidden\" name=\"_wpcf7_version\" value=\"5.3\" \/>\n<input type=\"hidden\" name=\"_wpcf7_locale\" value=\"tr_TR\" \/>\n<input type=\"hidden\" name=\"_wpcf7_unit_tag\" value=\"wpcf7-f438-o1\" \/>\n<input type=\"hidden\" name=\"_wpcf7_container_post\" value=\"0\" \/>\n<input type=\"hidden\" name=\"_wpcf7_posted_data_hash\" value=\"\" \/>\n<\/div>\n<p><label><br \/>\n    <span class=\"wpcf7-form-control-wrap your-name\"><input type=\"text\" name=\"your-name\" value=\"\" size=\"40\" class=\"wpcf7-form-control wpcf7-text wpcf7-validates-as-required\" aria-required=\"true\" aria-invalid=\"false\" placeholder=\"Name\" \/><\/span> <\/label><\/p>\n<p><label><br \/>\n    <span class=\"wpcf7-form-control-wrap your-email\"><input type=\"email\" name=\"your-email\" value=\"\" size=\"40\" class=\"wpcf7-form-control wpcf7-text wpcf7-email wpcf7-validates-as-required wpcf7-validates-as-email\" aria-required=\"true\" aria-invalid=\"false\" placeholder=\"E-Mail\" \/><\/span> <\/label><\/p>\n<p><label><br \/>\n    <span class=\"wpcf7-form-control-wrap your-tel\"><input type=\"text\" name=\"your-tel\" value=\"\" size=\"40\" class=\"wpcf7-form-control wpcf7-text wpcf7-phonetext wpcf7-validates-as-required\" aria-required=\"true\" aria-invalid=\"false\" placeholder=\"Phone\" \/><input type=\"hidden\" name=\"your-tel-country-code\" class=\"wpcf7-phonetext-country-code\" \/><\/span> <\/label><\/p>\n<p><label><br \/>\n    <span class=\"wpcf7-form-control-wrap your-message\"><textarea name=\"your-message\" cols=\"40\" rows=\"5\" class=\"wpcf7-form-control wpcf7-textarea\" aria-invalid=\"false\" placeholder=\"Message\"><\/textarea><\/span> <\/label><\/p>\n<p><input type=\"submit\" value=\"SEND\" class=\"wpcf7-form-control wpcf7-submit uk-button\" \/><\/p>\n<input type='hidden' class='wpcf7-pum' value='{\"closepopup\":false,\"closedelay\":0,\"openpopup\":false,\"openpopup_id\":0}' \/><div class=\"wpcf7-response-output\" aria-hidden=\"true\"><\/div><p style=\"display: none !important\"><span class=\"wpcf7-form-control-wrap referer-page\"><input type=\"hidden\" name=\"referer-page\" value=\"http:\/\/Direct%20Visit\" data-value=\"http:\/\/Direct%20Visit\" class=\"wpcf7-form-control wpcf7-text referer-page\" aria-invalid=\"false\"><\/span><\/p>\n<!-- Chimpmail extension by Renzo Johnson --><\/form><\/div>[\/vc_column_inner][vc_column_inner width=&#8221;1\/2&#8243; dahz_id=&#8221;1693923147433-d26b1f3e-9ff4&#8243;]<div class=\"uk-position-relative de-shortcode__wrapper de-shortcode__wrapper--google_maps uk-margin-remove\" data-dahz-shortcode-key=\"1528266193759-888c93c4-4ee2\" style=\"\">\r\n\t<div id=\"1528266193759-888c93c4-4ee2\" class=\"\" style=\"width: 100%; height: 85vh;\"><\/div>\r\n<script>\r\n\t!function($) {\r\n\t\tvar url = 'https:\/\/maps.googleapis.com\/maps\/api\/js?key=AIzaSyBu80Do9qfeiLCoRZI17TYHUNZIYOBP3HA';\r\n\t\t$.getScript( url, function( data, textStatus, jqxhr ) {\r\n\t\t\tvar options = {\"api\":\"AIzaSyBu80Do9qfeiLCoRZI17TYHUNZIYOBP3HA\",\"height\":\"85vh\",\"type\":\"ROADMAP\",\"lat\":\"41.0091265\",\"long\":\"28.6534996\",\"zoom\":\"15\",\"scrollwheel\":\"true\",\"streetviewcontrol\":\"false\",\"maptypecontrol\":\"false\",\"pancontrol\":\"false\",\"zoomcontrol\":\"false\",\"zoomcontrolsize\":\"SMALL\",\"disabledragmobile\":\"false\",\"infowindow\":\"Buraday\\u0131z!\",\"style\":\"JTVCJTBBJTIwJTIwJTdCJTBBJTIwJTIwJTIwJTIwJTIyZWxlbWVudFR5cGUlMjIlM0ElMjAlMjJnZW9tZXRyeSUyMiUyQyUwQSUyMCUyMCUyMCUyMCUyMnN0eWxlcnMlMjIlM0ElMjAlNUIlMEElMjAlMjAlMjAlMjAlMjAlMjAlN0IlMEElMjAlMjAlMjAlMjAlMjAlMjAlMjAlMjAlMjJjb2xvciUyMiUzQSUyMCUyMiUyM2Y1ZjVmNSUyMiUwQSUyMCUyMCUyMCUyMCUyMCUyMCU3RCUwQSUyMCUyMCUyMCUyMCU1RCUwQSUyMCUyMCU3RCUyQyUwQSUyMCUyMCU3QiUwQSUyMCUyMCUyMCUyMCUyMmVsZW1lbnRUeXBlJTIyJTNBJTIwJTIybGFiZWxzLmljb24lMjIlMkMlMEElMjAlMjAlMjAlMjAlMjJzdHlsZXJzJTIyJTNBJTIwJTVCJTBBJTIwJTIwJTIwJTIwJTIwJTIwJTdCJTBBJTIwJTIwJTIwJTIwJTIwJTIwJTIwJTIwJTIydmlzaWJpbGl0eSUyMiUzQSUyMCUyMm9mZiUyMiUwQSUyMCUyMCUyMCUyMCUyMCUyMCU3RCUwQSUyMCUyMCUyMCUyMCU1RCUwQSUyMCUyMCU3RCUyQyUwQSUyMCUyMCU3QiUwQSUyMCUyMCUyMCUyMCUyMmVsZW1lbnRUeXBlJTIyJTNBJTIwJTIybGFiZWxzLnRleHQuZmlsbCUyMiUyQyUwQSUyMCUyMCUyMCUyMCUyMnN0eWxlcnMlMjIlM0ElMjAlNUIlMEElMjAlMjAlMjAlMjAlMjAlMjAlN0IlMEElMjAlMjAlMjAlMjAlMjAlMjAlMjAlMjAlMjJjb2xvciUyMiUzQSUyMCUyMiUyMzYxNjE2MSUyMiUwQSUyMCUyMCUyMCUyMCUyMCUyMCU3RCUwQSUyMCUyMCUyMCUyMCU1RCUwQSUyMCUyMCU3RCUyQyUwQSUyMCUyMCU3QiUwQSUyMCUyMCUyMCUyMCUyMmVsZW1lbnRUeXBlJTIyJTNBJTIwJTIybGFiZWxzLnRleHQuc3Ryb2tlJTIyJTJDJTBBJTIwJTIwJTIwJTIwJTIyc3R5bGVycyUyMiUzQSUyMCU1QiUwQSUyMCUyMCUyMCUyMCUyMCUyMCU3QiUwQSUyMCUyMCUyMCUyMCUyMCUyMCUyMCUyMCUyMmNvbG9yJTIyJTNBJTIwJTIyJTIzZjVmNWY1JTIyJTBBJTIwJTIwJTIwJTIwJTIwJTIwJTdEJTBBJTIwJTIwJTIwJTIwJTVEJTBBJTIwJTIwJTdEJTJDJTBBJTIwJTIwJTdCJTBBJTIwJTIwJTIwJTIwJTIyZmVhdHVyZVR5cGUlMjIlM0ElMjAlMjJhZG1pbmlzdHJhdGl2ZS5sYW5kX3BhcmNlbCUyMiUyQyUwQSUyMCUyMCUyMCUyMCUyMmVsZW1lbnRUeXBlJTIyJTNBJTIwJTIybGFiZWxzLnRleHQuZmlsbCUyMiUyQyUwQSUyMCUyMCUyMCUyMCUyMnN0eWxlcnMlMjIlM0ElMjAlNUIlMEElMjAlMjAlMjAlMjAlMjAlMjAlN0IlMEElMjAlMjAlMjAlMjAlMjAlMjAlMjAlMjAlMjJjb2xvciUyMiUzQSUyMCUyMiUyM2JkYmRiZCUyMiUwQSUyMCUyMCUyMCUyMCUyMCUyMCU3RCUwQSUyMCUyMCUyMCUyMCU1RCUwQSUyMCUyMCU3RCUyQyUwQSUyMCUyMCU3QiUwQSUyMCUyMCUyMCUyMCUyMmZlYXR1cmVUeXBlJTIyJTNBJTIwJTIycG9pJTIyJTJDJTBBJTIwJTIwJTIwJTIwJTIyZWxlbWVudFR5cGUlMjIlM0ElMjAlMjJnZW9tZXRyeSUyMiUyQyUwQSUyMCUyMCUyMCUyMCUyMnN0eWxlcnMlMjIlM0ElMjAlNUIlMEElMjAlMjAlMjAlMjAlMjAlMjAlN0IlMEElMjAlMjAlMjAlMjAlMjAlMjAlMjAlMjAlMjJjb2xvciUyMiUzQSUyMCUyMiUyM2VlZWVlZSUyMiUwQSUyMCUyMCUyMCUyMCUyMCUyMCU3RCUwQSUyMCUyMCUyMCUyMCU1RCUwQSUyMCUyMCU3RCUyQyUwQSUyMCUyMCU3QiUwQSUyMCUyMCUyMCUyMCUyMmZlYXR1cmVUeXBlJTIyJTNBJTIwJTIycG9pJTIyJTJDJTBBJTIwJTIwJTIwJTIwJTIyZWxlbWVudFR5cGUlMjIlM0ElMjAlMjJsYWJlbHMudGV4dC5maWxsJTIyJTJDJTBBJTIwJTIwJTIwJTIwJTIyc3R5bGVycyUyMiUzQSUyMCU1QiUwQSUyMCUyMCUyMCUyMCUyMCUyMCU3QiUwQSUyMCUyMCUyMCUyMCUyMCUyMCUyMCUyMCUyMmNvbG9yJTIyJTNBJTIwJTIyJTIzNzU3NTc1JTIyJTBBJTIwJTIwJTIwJTIwJTIwJTIwJTdEJTBBJTIwJTIwJTIwJTIwJTVEJTBBJTIwJTIwJTdEJTJDJTBBJTIwJTIwJTdCJTBBJTIwJTIwJTIwJTIwJTIyZmVhdHVyZVR5cGUlMjIlM0ElMjAlMjJwb2kucGFyayUyMiUyQyUwQSUyMCUyMCUyMCUyMCUyMmVsZW1lbnRUeXBlJTIyJTNBJTIwJTIyZ2VvbWV0cnklMjIlMkMlMEElMjAlMjAlMjAlMjAlMjJzdHlsZXJzJTIyJTNBJTIwJTVCJTBBJTIwJTIwJTIwJTIwJTIwJTIwJTdCJTBBJTIwJTIwJTIwJTIwJTIwJTIwJTIwJTIwJTIyY29sb3IlMjIlM0ElMjAlMjIlMjNlNWU1ZTUlMjIlMEElMjAlMjAlMjAlMjAlMjAlMjAlN0QlMEElMjAlMjAlMjAlMjAlNUQlMEElMjAlMjAlN0QlMkMlMEElMjAlMjAlN0IlMEElMjAlMjAlMjAlMjAlMjJmZWF0dXJlVHlwZSUyMiUzQSUyMCUyMnBvaS5wYXJrJTIyJTJDJTBBJTIwJTIwJTIwJTIwJTIyZWxlbWVudFR5cGUlMjIlM0ElMjAlMjJsYWJlbHMudGV4dC5maWxsJTIyJTJDJTBBJTIwJTIwJTIwJTIwJTIyc3R5bGVycyUyMiUzQSUyMCU1QiUwQSUyMCUyMCUyMCUyMCUyMCUyMCU3QiUwQSUyMCUyMCUyMCUyMCUyMCUyMCUyMCUyMCUyMmNvbG9yJTIyJTNBJTIwJTIyJTIzOWU5ZTllJTIyJTBBJTIwJTIwJTIwJTIwJTIwJTIwJTdEJTBBJTIwJTIwJTIwJTIwJTVEJTBBJTIwJTIwJTdEJTJDJTBBJTIwJTIwJTdCJTBBJTIwJTIwJTIwJTIwJTIyZmVhdHVyZVR5cGUlMjIlM0ElMjAlMjJyb2FkJTIyJTJDJTBBJTIwJTIwJTIwJTIwJTIyZWxlbWVudFR5cGUlMjIlM0ElMjAlMjJnZW9tZXRyeSUyMiUyQyUwQSUyMCUyMCUyMCUyMCUyMnN0eWxlcnMlMjIlM0ElMjAlNUIlMEElMjAlMjAlMjAlMjAlMjAlMjAlN0IlMEElMjAlMjAlMjAlMjAlMjAlMjAlMjAlMjAlMjJjb2xvciUyMiUzQSUyMCUyMiUyM2ZmZmZmZiUyMiUwQSUyMCUyMCUyMCUyMCUyMCUyMCU3RCUwQSUyMCUyMCUyMCUyMCU1RCUwQSUyMCUyMCU3RCUyQyUwQSUyMCUyMCU3QiUwQSUyMCUyMCUyMCUyMCUyMmZlYXR1cmVUeXBlJTIyJTNBJTIwJTIycm9hZC5hcnRlcmlhbCUyMiUyQyUwQSUyMCUyMCUyMCUyMCUyMmVsZW1lbnRUeXBlJTIyJTNBJTIwJTIybGFiZWxzLnRleHQuZmlsbCUyMiUyQyUwQSUyMCUyMCUyMCUyMCUyMnN0eWxlcnMlMjIlM0ElMjAlNUIlMEElMjAlMjAlMjAlMjAlMjAlMjAlN0IlMEElMjAlMjAlMjAlMjAlMjAlMjAlMjAlMjAlMjJjb2xvciUyMiUzQSUyMCUyMiUyMzc1NzU3NSUyMiUwQSUyMCUyMCUyMCUyMCUyMCUyMCU3RCUwQSUyMCUyMCUyMCUyMCU1RCUwQSUyMCUyMCU3RCUyQyUwQSUyMCUyMCU3QiUwQSUyMCUyMCUyMCUyMCUyMmZlYXR1cmVUeXBlJTIyJTNBJTIwJTIycm9hZC5oaWdod2F5JTIyJTJDJTBBJTIwJTIwJTIwJTIwJTIyZWxlbWVudFR5cGUlMjIlM0ElMjAlMjJnZW9tZXRyeSUyMiUyQyUwQSUyMCUyMCUyMCUyMCUyMnN0eWxlcnMlMjIlM0ElMjAlNUIlMEElMjAlMjAlMjAlMjAlMjAlMjAlN0IlMEElMjAlMjAlMjAlMjAlMjAlMjAlMjAlMjAlMjJjb2xvciUyMiUzQSUyMCUyMiUyM2RhZGFkYSUyMiUwQSUyMCUyMCUyMCUyMCUyMCUyMCU3RCUwQSUyMCUyMCUyMCUyMCU1RCUwQSUyMCUyMCU3RCUyQyUwQSUyMCUyMCU3QiUwQSUyMCUyMCUyMCUyMCUyMmZlYXR1cmVUeXBlJTIyJTNBJTIwJTIycm9hZC5oaWdod2F5JTIyJTJDJTBBJTIwJTIwJTIwJTIwJTIyZWxlbWVudFR5cGUlMjIlM0ElMjAlMjJsYWJlbHMudGV4dC5maWxsJTIyJTJDJTBBJTIwJTIwJTIwJTIwJTIyc3R5bGVycyUyMiUzQSUyMCU1QiUwQSUyMCUyMCUyMCUyMCUyMCUyMCU3QiUwQSUyMCUyMCUyMCUyMCUyMCUyMCUyMCUyMCUyMmNvbG9yJTIyJTNBJTIwJTIyJTIzNjE2MTYxJTIyJTBBJTIwJTIwJTIwJTIwJTIwJTIwJTdEJTBBJTIwJTIwJTIwJTIwJTVEJTBBJTIwJTIwJTdEJTJDJTBBJTIwJTIwJTdCJTBBJTIwJTIwJTIwJTIwJTIyZmVhdHVyZVR5cGUlMjIlM0ElMjAlMjJyb2FkLmxvY2FsJTIyJTJDJTBBJTIwJTIwJTIwJTIwJTIyZWxlbWVudFR5cGUlMjIlM0ElMjAlMjJsYWJlbHMudGV4dC5maWxsJTIyJTJDJTBBJTIwJTIwJTIwJTIwJTIyc3R5bGVycyUyMiUzQSUyMCU1QiUwQSUyMCUyMCUyMCUyMCUyMCUyMCU3QiUwQSUyMCUyMCUyMCUyMCUyMCUyMCUyMCUyMCUyMmNvbG9yJTIyJTNBJTIwJTIyJTIzOWU5ZTllJTIyJTBBJTIwJTIwJTIwJTIwJTIwJTIwJTdEJTBBJTIwJTIwJTIwJTIwJTVEJTBBJTIwJTIwJTdEJTJDJTBBJTIwJTIwJTdCJTBBJTIwJTIwJTIwJTIwJTIyZmVhdHVyZVR5cGUlMjIlM0ElMjAlMjJ0cmFuc2l0LmxpbmUlMjIlMkMlMEElMjAlMjAlMjAlMjAlMjJlbGVtZW50VHlwZSUyMiUzQSUyMCUyMmdlb21ldHJ5JTIyJTJDJTBBJTIwJTIwJTIwJTIwJTIyc3R5bGVycyUyMiUzQSUyMCU1QiUwQSUyMCUyMCUyMCUyMCUyMCUyMCU3QiUwQSUyMCUyMCUyMCUyMCUyMCUyMCUyMCUyMCUyMmNvbG9yJTIyJTNBJTIwJTIyJTIzZTVlNWU1JTIyJTBBJTIwJTIwJTIwJTIwJTIwJTIwJTdEJTBBJTIwJTIwJTIwJTIwJTVEJTBBJTIwJTIwJTdEJTJDJTBBJTIwJTIwJTdCJTBBJTIwJTIwJTIwJTIwJTIyZmVhdHVyZVR5cGUlMjIlM0ElMjAlMjJ0cmFuc2l0LnN0YXRpb24lMjIlMkMlMEElMjAlMjAlMjAlMjAlMjJlbGVtZW50VHlwZSUyMiUzQSUyMCUyMmdlb21ldHJ5JTIyJTJDJTBBJTIwJTIwJTIwJTIwJTIyc3R5bGVycyUyMiUzQSUyMCU1QiUwQSUyMCUyMCUyMCUyMCUyMCUyMCU3QiUwQSUyMCUyMCUyMCUyMCUyMCUyMCUyMCUyMCUyMmNvbG9yJTIyJTNBJTIwJTIyJTIzZWVlZWVlJTIyJTBBJTIwJTIwJTIwJTIwJTIwJTIwJTdEJTBBJTIwJTIwJTIwJTIwJTVEJTBBJTIwJTIwJTdEJTJDJTBBJTIwJTIwJTdCJTBBJTIwJTIwJTIwJTIwJTIyZmVhdHVyZVR5cGUlMjIlM0ElMjAlMjJ3YXRlciUyMiUyQyUwQSUyMCUyMCUyMCUyMCUyMmVsZW1lbnRUeXBlJTIyJTNBJTIwJTIyZ2VvbWV0cnklMjIlMkMlMEElMjAlMjAlMjAlMjAlMjJzdHlsZXJzJTIyJTNBJTIwJTVCJTBBJTIwJTIwJTIwJTIwJTIwJTIwJTdCJTBBJTIwJTIwJTIwJTIwJTIwJTIwJTIwJTIwJTIyY29sb3IlMjIlM0ElMjAlMjIlMjNjOWM5YzklMjIlMEElMjAlMjAlMjAlMjAlMjAlMjAlN0QlMEElMjAlMjAlMjAlMjAlNUQlMEElMjAlMjAlN0QlMkMlMEElMjAlMjAlN0IlMEElMjAlMjAlMjAlMjAlMjJmZWF0dXJlVHlwZSUyMiUzQSUyMCUyMndhdGVyJTIyJTJDJTBBJTIwJTIwJTIwJTIwJTIyZWxlbWVudFR5cGUlMjIlM0ElMjAlMjJsYWJlbHMudGV4dC5maWxsJTIyJTJDJTBBJTIwJTIwJTIwJTIwJTIyc3R5bGVycyUyMiUzQSUyMCU1QiUwQSUyMCUyMCUyMCUyMCUyMCUyMCU3QiUwQSUyMCUyMCUyMCUyMCUyMCUyMCUyMCUyMCUyMmNvbG9yJTIyJTNBJTIwJTIyJTIzOWU5ZTllJTIyJTBBJTIwJTIwJTIwJTIwJTIwJTIwJTdEJTBBJTIwJTIwJTIwJTIwJTVEJTBBJTIwJTIwJTdEJTBBJTVE\",\"marker\":\"custom\",\"markericon\":\"443\",\"css_animation\":\"\",\"animation_parallax\":\"\",\"delay_animation\":\"\",\"repeat_animation\":\"\",\"el_class\":\"\",\"margin\":\"uk-margin-remove\",\"remove_top_margin\":\"\",\"remove_bottom_margin\":\"\",\"visibility\":\"\",\"enable_dahz_lazy_shortcode\":\"\",\"dahz_id\":\"1528266193759-888c93c4-4ee2\",\"labels\":\"https:\\\/\\\/www.simalunsal.com\\\/en\\\/wp-content\\\/uploads\\\/2020\\\/11\\\/simal-marker.png\",\"styles\":\"[\\n  {\\n    \\\"elementType\\\": \\\"geometry\\\",\\n    \\\"stylers\\\": [\\n      {\\n        \\\"color\\\": \\\"#f5f5f5\\\"\\n      }\\n    ]\\n  },\\n  {\\n    \\\"elementType\\\": \\\"labels.icon\\\",\\n    \\\"stylers\\\": [\\n      {\\n        \\\"visibility\\\": \\\"off\\\"\\n      }\\n    ]\\n  },\\n  {\\n    \\\"elementType\\\": \\\"labels.text.fill\\\",\\n    \\\"stylers\\\": [\\n      {\\n        \\\"color\\\": \\\"#616161\\\"\\n      }\\n    ]\\n  },\\n  {\\n    \\\"elementType\\\": \\\"labels.text.stroke\\\",\\n    \\\"stylers\\\": [\\n      {\\n        \\\"color\\\": \\\"#f5f5f5\\\"\\n      }\\n    ]\\n  },\\n  {\\n    \\\"featureType\\\": \\\"administrative.land_parcel\\\",\\n    \\\"elementType\\\": \\\"labels.text.fill\\\",\\n    \\\"stylers\\\": [\\n      {\\n        \\\"color\\\": \\\"#bdbdbd\\\"\\n      }\\n    ]\\n  },\\n  {\\n    \\\"featureType\\\": \\\"poi\\\",\\n    \\\"elementType\\\": \\\"geometry\\\",\\n    \\\"stylers\\\": [\\n      {\\n        \\\"color\\\": \\\"#eeeeee\\\"\\n      }\\n    ]\\n  },\\n  {\\n    \\\"featureType\\\": \\\"poi\\\",\\n    \\\"elementType\\\": \\\"labels.text.fill\\\",\\n    \\\"stylers\\\": [\\n      {\\n        \\\"color\\\": \\\"#757575\\\"\\n      }\\n    ]\\n  },\\n  {\\n    \\\"featureType\\\": \\\"poi.park\\\",\\n    \\\"elementType\\\": \\\"geometry\\\",\\n    \\\"stylers\\\": [\\n      {\\n        \\\"color\\\": \\\"#e5e5e5\\\"\\n      }\\n    ]\\n  },\\n  {\\n    \\\"featureType\\\": \\\"poi.park\\\",\\n    \\\"elementType\\\": \\\"labels.text.fill\\\",\\n    \\\"stylers\\\": [\\n      {\\n        \\\"color\\\": \\\"#9e9e9e\\\"\\n      }\\n    ]\\n  },\\n  {\\n    \\\"featureType\\\": \\\"road\\\",\\n    \\\"elementType\\\": \\\"geometry\\\",\\n    \\\"stylers\\\": [\\n      {\\n        \\\"color\\\": \\\"#ffffff\\\"\\n      }\\n    ]\\n  },\\n  {\\n    \\\"featureType\\\": \\\"road.arterial\\\",\\n    \\\"elementType\\\": \\\"labels.text.fill\\\",\\n    \\\"stylers\\\": [\\n      {\\n        \\\"color\\\": \\\"#757575\\\"\\n      }\\n    ]\\n  },\\n  {\\n    \\\"featureType\\\": \\\"road.highway\\\",\\n    \\\"elementType\\\": \\\"geometry\\\",\\n    \\\"stylers\\\": [\\n      {\\n        \\\"color\\\": \\\"#dadada\\\"\\n      }\\n    ]\\n  },\\n  {\\n    \\\"featureType\\\": \\\"road.highway\\\",\\n    \\\"elementType\\\": \\\"labels.text.fill\\\",\\n    \\\"stylers\\\": [\\n      {\\n        \\\"color\\\": \\\"#616161\\\"\\n      }\\n    ]\\n  },\\n  {\\n    \\\"featureType\\\": \\\"road.local\\\",\\n    \\\"elementType\\\": \\\"labels.text.fill\\\",\\n    \\\"stylers\\\": [\\n      {\\n        \\\"color\\\": \\\"#9e9e9e\\\"\\n      }\\n    ]\\n  },\\n  {\\n    \\\"featureType\\\": \\\"transit.line\\\",\\n    \\\"elementType\\\": \\\"geometry\\\",\\n    \\\"stylers\\\": [\\n      {\\n        \\\"color\\\": \\\"#e5e5e5\\\"\\n      }\\n    ]\\n  },\\n  {\\n    \\\"featureType\\\": \\\"transit.station\\\",\\n    \\\"elementType\\\": \\\"geometry\\\",\\n    \\\"stylers\\\": [\\n      {\\n        \\\"color\\\": \\\"#eeeeee\\\"\\n      }\\n    ]\\n  },\\n  {\\n    \\\"featureType\\\": \\\"water\\\",\\n    \\\"elementType\\\": \\\"geometry\\\",\\n    \\\"stylers\\\": [\\n      {\\n        \\\"color\\\": \\\"#c9c9c9\\\"\\n      }\\n    ]\\n  },\\n  {\\n    \\\"featureType\\\": \\\"water\\\",\\n    \\\"elementType\\\": \\\"labels.text.fill\\\",\\n    \\\"stylers\\\": [\\n      {\\n        \\\"color\\\": \\\"#9e9e9e\\\"\\n      }\\n    ]\\n  }\\n]\"},\r\n\t\t\t\t$container = document.getElementById( options.dahz_id );\r\n\t\t\toptions.lat = !isNaN( parseFloat( options.lat ) ) ? parseFloat( options.lat ) : 0;\r\n\t\t\toptions.long = !isNaN( parseFloat( options.lat ) ) ? parseFloat( options.long ) : 0;\r\n\t\t\toptions.styles = $.parseJSON( options.styles );\r\n\t\t\tvar map = new google.maps.Map(\r\n\t\t\t\t$container, {\r\n\t\t\t\t\tzoom              : parseInt( options.zoom ),\r\n\t\t\t\t\tcenter            : new google.maps.LatLng( options.lat, options.long ),\r\n\t\t\t\t\tmapTypeId         : google.maps.MapTypeId[options.type],\r\n\t\t\t\t\tstyles            : options.styles,\r\n\t\t\t\t\tstreetViewControl : options.streetviewcontrol,\r\n\t\t\t\t\tmapTypeControl    : options.maptypecontrol == 'true' ? true : false,\r\n\t\t\t\t\tpanControl        : options.pancontrol == 'true' ? true : false,\r\n\t\t\t\t\tzoomControl       : options.zoomcontrol == 'true' ? true : false,\r\n\t\t\t\t\tscrollwheel       : options.scrollwheel == 'true' ? false : true,\r\n\t\t\t\t\tdraggable         : options.disabledragmobile == 'true' && $(document).width() <= 641 ? false : true,\r\n\t\t\t\t\tzoomControlOptions\t: {\r\n\t\t\t\t\t\tstyle: google.maps.ZoomControlStyle[options.zoomcontrolsize]\r\n\t\t\t\t\t},\r\n\t\t\t\t}\r\n\t\t\t),\r\n\t\t\tmarker = new google.maps.Marker({\r\n\t\t\t\tposition: {\r\n\t\t\t\t\tlat: options.lat,\r\n\t\t\t\t\tlng: options.long\r\n\t\t\t\t},\r\n\t\t\t\ticon\t: options.labels\r\n\t\t\t});\r\n\t\t\tmarker.setMap( map );\r\n\t\t\tvar infowindow = new google.maps.InfoWindow({\r\n\t\t\t\tcontent: options.infowindow\r\n\t\t\t});\r\n\r\n\t\t\tmarker.addListener( 'click', function() {\r\n\t\t\t\tinfowindow.open( map, marker );\r\n\t\t\t});\r\n\t\t\t\r\n\t\t});\r\n\t}(window.jQuery);\r\n<\/script><\/div>\r\n[\/vc_column_inner][\/vc_row_inner][\/vc_column][\/vc_row][\/vc_section]<\/p>\n","protected":false},"excerpt":{"rendered":"<p>[vc_section section_padding=&#8221;&#8221; section_custom_media_type=&#8221;none&#8221; section_bottom_shape_divider=&#8221;&#8221; dahz_id=&#8221;1528129066148-778554fe-3377&#8243; section_color_overlay=&#8221;rgba(255,255,255,0.6)&#8221;][vc_row row_margin=&#8221;uk-margin-remove&#8221; row_display_divider_between=&#8221;true&#8221; row_divider_color=&#8221;rgba(163,163,163,0.4)&#8221; dahz_id=&#8221;1528129068491-f88a72a8-e526&#8243;][vc_column width=&#8221;1\/3&#8243; dahz_id=&#8221;1693923147233-e372c414-c63b&#8221;][\/vc_column][vc_column width=&#8221;1\/3&#8243; dahz_id=&#8221;1693923147252-b680de79-a7cf&#8221;][\/vc_column][vc_column width=&#8221;1\/3&#8243; dahz_id=&#8221;1693923147283-75026386-e197&#8243;][\/vc_column][\/vc_row][\/vc_section][vc_section section_custom_media_type=&#8221;image&#8221; section_background_image_repeat=&#8221;uk-background-norepeat&#8221; section_background_image_position=&#8221;uk-background-top-right&#8221; section_background_image_effect=&#8221;uk-background-fixed&#8221; section_bottom_shape_divider=&#8221;&#8221; dahz_id=&#8221;1528266172114-631f96f7-2e21&#8243; css=&#8221;.vc_custom_1533632334414{padding-bottom: 12vh !important;}&#8221; section_background_image=&#8221;64&#8243;][vc_row row_custom_media_type=&#8221;none&#8221; dahz_id=&#8221;1528266174871-092f151f-2cc5&#8243; row_translate_y=&#8221;-5vh&#8221;][vc_column column_card_box_shadow=&#8221;large&#8221; column_padding=&#8221;default&#8221; column_enable_card_style=&#8221;true&#8221; column_translate_y=&#8221;3vh&#8221; column_z_index=&#8221;1&#8243; column_card_background_hover_color=&#8221;#ffffff&#8221; css=&#8221;.vc_custom_1533031920396{background-color: #ffffff !important;}&#8221; el_class=&#8221;mobile-offset&#8221; dahz_id=&#8221;1693923147342-95ba4e70-e129&#8243;][vc_row_inner dahz_id=&#8221;1528266188502-fa4547e8-ec2f&#8221;][vc_column_inner column_padding=&#8221;default&#8221; width=&#8221;1\/2&#8243; dahz_id=&#8221;1693923147378-96a7b5c8-8629&#8243;][vc_custom_heading text=&#8221;Write Us&#8221; font_container=&#8221;tag:h2|font_size:72px|text_align:left|color:%23000000|line_height:1&#8243; use_theme_fonts=&#8221;yes&#8221; custom_responsive_size=&#8221;yes&#8221; dahz_id=&#8221;1533021942065-3ca0daca-b0b3&#8243; custom_font_size=&#8221;%7B%22xs_font_size%22%3A%2256px%22%2C%22xs_line_height%22%3A%22%22%2C%22s_font_size%22%3A%22%22%2C%22s_line_height%22%3A%22%22%2C%22m_font_size%22%3A%22%22%2C%22m_line_height%22%3A%22%22%7D&#8221;][\/vc_column_inner][vc_column_inner width=&#8221;1\/2&#8243; dahz_id=&#8221;1693923147433-d26b1f3e-9ff4&#8243;][\/vc_column_inner][\/vc_row_inner][\/vc_column][\/vc_row][\/vc_section]<\/p>\n","protected":false},"author":1,"featured_media":0,"parent":0,"menu_order":0,"comment_status":"closed","ping_status":"closed","template":"","meta":[],"_links":{"self":[{"href":"https:\/\/www.simalunsal.com\/en\/wp-json\/wp\/v2\/pages\/295"}],"collection":[{"href":"https:\/\/www.simalunsal.com\/en\/wp-json\/wp\/v2\/pages"}],"about":[{"href":"https:\/\/www.simalunsal.com\/en\/wp-json\/wp\/v2\/types\/page"}],"author":[{"embeddable":true,"href":"https:\/\/www.simalunsal.com\/en\/wp-json\/wp\/v2\/users\/1"}],"replies":[{"embeddable":true,"href":"https:\/\/www.simalunsal.com\/en\/wp-json\/wp\/v2\/comments?post=295"}],"version-history":[{"count":22,"href":"https:\/\/www.simalunsal.com\/en\/wp-json\/wp\/v2\/pages\/295\/revisions"}],"predecessor-version":[{"id":823,"href":"https:\/\/www.simalunsal.com\/en\/wp-json\/wp\/v2\/pages\/295\/revisions\/823"}],"wp:attachment":[{"href":"https:\/\/www.simalunsal.com\/en\/wp-json\/wp\/v2\/media?parent=295"}],"curies":[{"name":"wp","href":"https:\/\/api.w.org\/{rel}","templated":true}]}}